
{"id":82529,"date":"2026-03-19T09:27:20","date_gmt":"2026-03-19T09:27:20","guid":{"rendered":"https:\/\/elicromargentina.com\/?post_type=product&#038;p=82529"},"modified":"2026-03-19T09:27:20","modified_gmt":"2026-03-19T09:27:20","slug":"402","status":"publish","type":"product","link":"https:\/\/elicromargentina.com\/?product=402","title":{"rendered":"Term\u00f3metro digital de bolsillo -50 a 150 \u00baC"},"content":{"rendered":"<p>Especificaciones:<\/p>\n<p>-Resoluci\u00f3n: 0.1 \u00baC<br \/>\n-Rango: -50 A 150 \u00baC (-58 A 302 \u00baF)<br \/>\n-Exactitud: 1 \u00baC<br \/>\n-Resoluci\u00f3n: 0.1 \u00baC<br \/>\n-Longitud de sonda: 90 mm<br \/>\n-Resistente al agua<br \/>\n-Vaina protectora punta <\/p>\n<p>Caracter\u00edsticas: <\/p>\n<p>-Tienen ventaja sobre los antiguos term\u00f3metros de mercurio en que estabilizan con mayor rapidez, son f\u00e1cilmente portables, no se quiebran, tienen mayor resoluci\u00f3n y no tienen el venenoso mercurio.<br \/>\n-Sensor de acero inoxidable<br \/>\n-Vaina de protecci\u00f3n del sensor<\/p>\n","protected":false},"excerpt":{"rendered":"<p>Especificaciones: -Resoluci\u00f3n: 0.1 \u00baC -Rango: -50 A 150 \u00baC (-58 A 302 \u00baF) -Exactitud: 1 \u00baC -Resoluci\u00f3n: 0.1 \u00baC -Longitud de sonda: 90 mm -Resistente al agua -Vaina protectora punta<\/p>\n","protected":false},"featured_media":82530,"comment_status":"open","ping_status":"closed","template":"","meta":{"_acf_changed":false},"product_brand":[],"product_cat":[2088,2074,2087],"product_tag":[],"class_list":{"0":"post-82529","1":"product","2":"type-product","3":"status-publish","4":"has-post-thumbnail","6":"product_cat-digitales1_31032026100736","7":"product_cat-productos10-iso-17025","8":"product_cat-termmetros1_31032026100729","10":"first","11":"outofstock","12":"taxable","13":"shipping-taxable","14":"purchasable","15":"product-type-simple"},"acf":[],"aioseo_notices":[],"_links":{"self":[{"href":"https:\/\/elicromargentina.com\/index.php?rest_route=\/wp\/v2\/product\/82529","targetHints":{"allow":["GET"]}}],"collection":[{"href":"https:\/\/elicromargentina.com\/index.php?rest_route=\/wp\/v2\/product"}],"about":[{"href":"https:\/\/elicromargentina.com\/index.php?rest_route=\/wp\/v2\/types\/product"}],"replies":[{"embeddable":true,"href":"https:\/\/elicromargentina.com\/index.php?rest_route=%2Fwp%2Fv2%2Fcomments&post=82529"}],"wp:featuredmedia":[{"embeddable":true,"href":"https:\/\/elicromargentina.com\/index.php?rest_route=\/wp\/v2\/media\/82530"}],"wp:attachment":[{"href":"https:\/\/elicromargentina.com\/index.php?rest_route=%2Fwp%2Fv2%2Fmedia&parent=82529"}],"wp:term":[{"taxonomy":"product_brand","embeddable":true,"href":"https:\/\/elicromargentina.com\/index.php?rest_route=%2Fwp%2Fv2%2Fproduct_brand&post=82529"},{"taxonomy":"product_cat","embeddable":true,"href":"https:\/\/elicromargentina.com\/index.php?rest_route=%2Fwp%2Fv2%2Fproduct_cat&post=82529"},{"taxonomy":"product_tag","embeddable":true,"href":"https:\/\/elicromargentina.com\/index.php?rest_route=%2Fwp%2Fv2%2Fproduct_tag&post=82529"}],"curies":[{"name":"wp","href":"https:\/\/api.w.org\/{rel}","templated":true}]}}