
{"id":82637,"date":"2026-04-02T10:06:44","date_gmt":"2026-04-02T10:06:44","guid":{"rendered":"https:\/\/elicromargentina.com\/?post_type=product&#038;p=82637"},"modified":"2026-04-02T10:06:44","modified_gmt":"2026-04-02T10:06:44","slug":"54953-pesa-de-5kg-clase-f1-de-acero-inoxidable","status":"publish","type":"product","link":"https:\/\/elicromargentina.com\/en\/product\/54953-pesa-de-5kg-clase-f1-de-acero-inoxidable\/","title":{"rendered":"Pesa de 5kg Clase F1 de acero inoxidable"},"content":{"rendered":"<p>Especificaciones:<\/p>\n<p>-Clase: F1<br \/>\n-Capacidad: 5 kg<br \/>\n-Material: Acero Inoxidable No Magn\u00e9tico<br \/>\n-Acabado: Pulido De Espejo<br \/>\n-Instrucci\u00f3n: S\u00f3lido<br \/>\n-Forma: Peso de la perilla<br \/>\n-Paquete: Caja De Pl\u00e1stico<\/p>","protected":false},"excerpt":{"rendered":"<p>Especificaciones: -Clase: F1 -Capacidad: 5 kg -Material: Acero Inoxidable No Magn\u00e9tico -Acabado: Pulido De Espejo -Instrucci\u00f3n: S\u00f3lido -Forma: Peso de la perilla -Paquete: Caja De Pl\u00e1stico<\/p>","protected":false},"featured_media":82638,"comment_status":"open","ping_status":"closed","template":"","meta":{"_acf_changed":false},"product_brand":[],"product_cat":[],"product_tag":[],"class_list":{"0":"post-82637","1":"product","2":"type-product","3":"status-publish","4":"has-post-thumbnail","7":"first","8":"outofstock","9":"taxable","10":"shipping-taxable","11":"purchasable","12":"product-type-simple"},"acf":[],"aioseo_notices":[],"_links":{"self":[{"href":"https:\/\/elicromargentina.com\/en\/wp-json\/wp\/v2\/product\/82637","targetHints":{"allow":["GET"]}}],"collection":[{"href":"https:\/\/elicromargentina.com\/en\/wp-json\/wp\/v2\/product"}],"about":[{"href":"https:\/\/elicromargentina.com\/en\/wp-json\/wp\/v2\/types\/product"}],"replies":[{"embeddable":true,"href":"https:\/\/elicromargentina.com\/en\/wp-json\/wp\/v2\/comments?post=82637"}],"wp:featuredmedia":[{"embeddable":true,"href":"https:\/\/elicromargentina.com\/en\/wp-json\/wp\/v2\/media\/82638"}],"wp:attachment":[{"href":"https:\/\/elicromargentina.com\/en\/wp-json\/wp\/v2\/media?parent=82637"}],"wp:term":[{"taxonomy":"product_brand","embeddable":true,"href":"https:\/\/elicromargentina.com\/en\/wp-json\/wp\/v2\/product_brand?post=82637"},{"taxonomy":"product_cat","embeddable":true,"href":"https:\/\/elicromargentina.com\/en\/wp-json\/wp\/v2\/product_cat?post=82637"},{"taxonomy":"product_tag","embeddable":true,"href":"https:\/\/elicromargentina.com\/en\/wp-json\/wp\/v2\/product_tag?post=82637"}],"curies":[{"name":"wp","href":"https:\/\/api.w.org\/{rel}","templated":true}]}}