
{"id":82631,"date":"2026-04-02T10:04:23","date_gmt":"2026-04-02T10:04:23","guid":{"rendered":"https:\/\/elicromargentina.com\/?post_type=product&#038;p=82631"},"modified":"2026-04-02T10:04:23","modified_gmt":"2026-04-02T10:04:23","slug":"62399-pesa-e2-serie-estandar-de-acero-inoxidable-con-caja-de-plastico","status":"publish","type":"product","link":"https:\/\/elicromargentina.com\/en\/product\/62399-pesa-e2-serie-estandar-de-acero-inoxidable-con-caja-de-plastico\/","title":{"rendered":"Pesa E2 serie est\u00e1ndar de acero inoxidable Con caja de pl\u00e1stico"},"content":{"rendered":"<p>Especificaciones:<\/p>\n<p>-Clase E2<br \/>\n-Pesa 1kg<br \/>\n-Material: acero inoxidable con caja de pl\u00e1stico<br \/>\n-Acabado: Pulido De Espejo<br \/>\n-Instrucci\u00f3n: S\u00f3lido<br \/>\n-Forma: Peso de la perilla<br \/>\n-Paquete: Caja De Pl\u00e1stico<\/p>","protected":false},"excerpt":{"rendered":"<p>Especificaciones: -Clase E2 -Pesa 1kg -Material: acero inoxidable con caja de pl\u00e1stico -Acabado: Pulido De Espejo -Instrucci\u00f3n: S\u00f3lido -Forma: Peso de la perilla -Paquete: Caja De Pl\u00e1stico<\/p>","protected":false},"featured_media":82632,"comment_status":"open","ping_status":"closed","template":"","meta":{"_acf_changed":false},"product_brand":[],"product_cat":[],"product_tag":[],"class_list":{"0":"post-82631","1":"product","2":"type-product","3":"status-publish","4":"has-post-thumbnail","7":"first","8":"outofstock","9":"taxable","10":"shipping-taxable","11":"purchasable","12":"product-type-simple"},"acf":[],"aioseo_notices":[],"_links":{"self":[{"href":"https:\/\/elicromargentina.com\/en\/wp-json\/wp\/v2\/product\/82631","targetHints":{"allow":["GET"]}}],"collection":[{"href":"https:\/\/elicromargentina.com\/en\/wp-json\/wp\/v2\/product"}],"about":[{"href":"https:\/\/elicromargentina.com\/en\/wp-json\/wp\/v2\/types\/product"}],"replies":[{"embeddable":true,"href":"https:\/\/elicromargentina.com\/en\/wp-json\/wp\/v2\/comments?post=82631"}],"wp:featuredmedia":[{"embeddable":true,"href":"https:\/\/elicromargentina.com\/en\/wp-json\/wp\/v2\/media\/82632"}],"wp:attachment":[{"href":"https:\/\/elicromargentina.com\/en\/wp-json\/wp\/v2\/media?parent=82631"}],"wp:term":[{"taxonomy":"product_brand","embeddable":true,"href":"https:\/\/elicromargentina.com\/en\/wp-json\/wp\/v2\/product_brand?post=82631"},{"taxonomy":"product_cat","embeddable":true,"href":"https:\/\/elicromargentina.com\/en\/wp-json\/wp\/v2\/product_cat?post=82631"},{"taxonomy":"product_tag","embeddable":true,"href":"https:\/\/elicromargentina.com\/en\/wp-json\/wp\/v2\/product_tag?post=82631"}],"curies":[{"name":"wp","href":"https:\/\/api.w.org\/{rel}","templated":true}]}}