
{"id":82580,"date":"2026-03-25T16:25:26","date_gmt":"2026-03-25T16:25:26","guid":{"rendered":"https:\/\/elicromargentina.com\/?post_type=product&#038;p=82580"},"modified":"2026-03-25T16:25:26","modified_gmt":"2026-03-25T16:25:26","slug":"60225-termometro-patron-001-c-con-rtd","status":"publish","type":"product","link":"https:\/\/elicromargentina.com\/en\/product\/60225-termometro-patron-001-c-con-rtd\/","title":{"rendered":"Term\u00f3metro patr\u00f3n 0.01 \u00b0C con RTD"},"content":{"rendered":"<p>Especificaciones:  <\/p>\n<p>-Rango de medici\u00f3n: -100 ~ 400 \u00b0 C;<br \/>\n-Precisi\u00f3n de la medici\u00f3n: \u00b10.05% rdg \u00b10.1 \u00b0 C<br \/>\n-Resoluci\u00f3n: 0.01 \u00b0C;<br \/>\n-Frecuencia de muestreo: 2 tiempos\/seg.<br \/>\n-Bater\u00eda: bater\u00eda de 9V<br \/>\n-Dimensiones: 185 x 65 x 36 mm<br \/>\n-Peso: Aprox 360 g<br \/>\n-Tipo de sensor: Resistencia de medici\u00f3n de temperatura de<br \/>\n-Platino (tipo de l\u00ednea Pt100\/4)<\/p>\n<p>Funciones:<\/p>\n<p>\u2022 Sensor de temperatura de platino de precisi\u00f3n<br \/>\n\u2022 Alta precisi\u00f3n con resoluci\u00f3n de 0.01 \u00b0 C<br \/>\n\u2022 Conector push-pull bloqueado autom\u00e1tico para una f\u00e1cil conexi\u00f3n<br \/>\n\u2022 Lcd con luz trasera grande<br \/>\n\u2022 Pantalla dual<br \/>\n\u2022 Funci\u00f3n m\u00e1x \/ m\u00edn<br \/>\n\u2022 Escala seleccionable \u00b0 C \/ \u00b0 F<br \/>\n\u2022 Funci\u00f3n de retenci\u00f3n de datos<br \/>\n\u2022 Funci\u00f3n relativa<br \/>\n\u2022 Registrador de datos de 16,000 registros<br \/>\n\u2022 Registrar temperatura, hora y fecha de medici\u00f3n<br \/>\n\u2022 Con software de Windows<br \/>\n\u2022 Interfaz de PC<br \/>\n\u2022 Apagado autom\u00e1tico<br \/>\n\u2022 Desplazamiento de usuario ajustable<br \/>\n\u2022 Soporte de inclinaci\u00f3n<\/p>\n<p>Accesorios incluidos: Bater\u00eda, Manual de operaci\u00f3n, Malet\u00edn, sonda PT100\/4, cable USB<\/p>","protected":false},"excerpt":{"rendered":"<p>Especificaciones: -Rango de medici\u00f3n: -100 ~ 400 \u00b0 C; -Precisi\u00f3n de la medici\u00f3n: \u00b10.05% rdg \u00b10.1 \u00b0 C -Resoluci\u00f3n: 0.01 \u00b0C; -Frecuencia de muestreo: 2 tiempos\/seg. -Bater\u00eda: bater\u00eda de 9V<\/p>","protected":false},"featured_media":82670,"comment_status":"open","ping_status":"closed","template":"","meta":{"_acf_changed":false},"product_brand":[],"product_cat":[2089,2074,2087],"product_tag":[],"class_list":{"0":"post-82580","1":"product","2":"type-product","3":"status-publish","4":"has-post-thumbnail","6":"product_cat-de-mano1_31032026100743","7":"product_cat-productos10-iso-17025","8":"product_cat-termmetros1_31032026100729","10":"first","11":"outofstock","12":"taxable","13":"shipping-taxable","14":"purchasable","15":"product-type-simple"},"acf":[],"aioseo_notices":[],"_links":{"self":[{"href":"https:\/\/elicromargentina.com\/en\/wp-json\/wp\/v2\/product\/82580","targetHints":{"allow":["GET"]}}],"collection":[{"href":"https:\/\/elicromargentina.com\/en\/wp-json\/wp\/v2\/product"}],"about":[{"href":"https:\/\/elicromargentina.com\/en\/wp-json\/wp\/v2\/types\/product"}],"replies":[{"embeddable":true,"href":"https:\/\/elicromargentina.com\/en\/wp-json\/wp\/v2\/comments?post=82580"}],"wp:featuredmedia":[{"embeddable":true,"href":"https:\/\/elicromargentina.com\/en\/wp-json\/wp\/v2\/media\/82670"}],"wp:attachment":[{"href":"https:\/\/elicromargentina.com\/en\/wp-json\/wp\/v2\/media?parent=82580"}],"wp:term":[{"taxonomy":"product_brand","embeddable":true,"href":"https:\/\/elicromargentina.com\/en\/wp-json\/wp\/v2\/product_brand?post=82580"},{"taxonomy":"product_cat","embeddable":true,"href":"https:\/\/elicromargentina.com\/en\/wp-json\/wp\/v2\/product_cat?post=82580"},{"taxonomy":"product_tag","embeddable":true,"href":"https:\/\/elicromargentina.com\/en\/wp-json\/wp\/v2\/product_tag?post=82580"}],"curies":[{"name":"wp","href":"https:\/\/api.w.org\/{rel}","templated":true}]}}