{"id":82560,"date":"2026-05-06T09:18:33","date_gmt":"2026-05-06T14:18:33","guid":{"rendered":"https:\/\/elicromargentina.com\/?page_id=82560"},"modified":"2026-05-06T09:18:33","modified_gmt":"2026-05-06T14:18:33","slug":"refund_returns","status":"publish","type":"page","link":"https:\/\/elicromargentina.com\/en\/refund_returns\/","title":{"rendered":"Pol\u00edtica de devoluciones y cambios"},"content":{"rendered":"<p data-start=\"1927\" data-end=\"2080\">ELICROM ARGENTINA establece la siguiente pol\u00edtica para la gesti\u00f3n de devoluciones, con el fin de asegurar la calidad y trazabilidad de los productos suministrados.<\/p>\n<h3 data-section-id=\"oifaos\" data-start=\"2082\" data-end=\"2113\"><span role=\"text\"><strong data-start=\"2086\" data-end=\"2113\">Criterios de aceptaci\u00f3n<\/strong><\/span><\/h3>\n<ul data-start=\"2114\" data-end=\"2287\">\n<li data-section-id=\"8qlo5a\" data-start=\"2114\" data-end=\"2188\">Solicitud dentro de los <strong data-start=\"2140\" data-end=\"2161\">7 d\u00edas calendario<\/strong> posteriores a la entrega<\/li>\n<li data-section-id=\"19nmzbw\" data-start=\"2189\" data-end=\"2238\">Producto en estado original, sin alteraciones<\/li>\n<li data-section-id=\"1wt59qn\" data-start=\"2239\" data-end=\"2287\">Validaci\u00f3n previa por parte del \u00e1rea t\u00e9cnica<\/li>\n<\/ul>\n<h3 data-section-id=\"it62ur\" data-start=\"2289\" data-end=\"2310\"><span role=\"text\"><strong data-start=\"2293\" data-end=\"2310\">Restricciones<\/strong><\/span><\/h3>\n<p data-start=\"2311\" data-end=\"2362\">Debido a su naturaleza, no aplican devoluciones en:<\/p>\n<ul data-start=\"2363\" data-end=\"2500\">\n<li data-section-id=\"14vzre6\" data-start=\"2363\" data-end=\"2402\">Equipos con calibraci\u00f3n certificada<\/li>\n<li data-section-id=\"12vzjum\" data-start=\"2403\" data-end=\"2439\">Productos abiertos o manipulados<\/li>\n<li data-section-id=\"bft47r\" data-start=\"2440\" data-end=\"2500\">\u00cdtems sujetos a condiciones especiales de almacenamiento<\/li>\n<\/ul>\n<h3 data-section-id=\"l3eh4k\" data-start=\"2502\" data-end=\"2523\"><span role=\"text\"><strong data-start=\"2506\" data-end=\"2523\">Procedimiento<\/strong><\/span><\/h3>\n<p data-start=\"2524\" data-end=\"2649\">La devoluci\u00f3n ser\u00e1 evaluada t\u00e9cnicamente. Una vez aprobada, se coordinar\u00e1 reposici\u00f3n o nota de cr\u00e9dito seg\u00fan corresponda.<\/p>","protected":false},"excerpt":{"rendered":"<p>ELICROM ARGENTINA establece la siguiente pol\u00edtica para la gesti\u00f3n de devoluciones, con el fin de asegurar la calidad y trazabilidad de los productos suministrados. Criterios de aceptaci\u00f3n Solicitud dentro de<\/p>","protected":false},"author":1,"featured_media":0,"parent":0,"menu_order":0,"comment_status":"closed","ping_status":"closed","template":"","meta":{"_acf_changed":false,"rs_blank_template":"","rs_page_bg_color":"#ffffff","slide_template_v7":"","footnotes":""},"class_list":["post-82560","page","type-page","status-publish","hentry"],"acf":[],"aioseo_notices":[],"_links":{"self":[{"href":"https:\/\/elicromargentina.com\/en\/wp-json\/wp\/v2\/pages\/82560","targetHints":{"allow":["GET"]}}],"collection":[{"href":"https:\/\/elicromargentina.com\/en\/wp-json\/wp\/v2\/pages"}],"about":[{"href":"https:\/\/elicromargentina.com\/en\/wp-json\/wp\/v2\/types\/page"}],"author":[{"embeddable":true,"href":"https:\/\/elicromargentina.com\/en\/wp-json\/wp\/v2\/users\/1"}],"replies":[{"embeddable":true,"href":"https:\/\/elicromargentina.com\/en\/wp-json\/wp\/v2\/comments?post=82560"}],"version-history":[{"count":2,"href":"https:\/\/elicromargentina.com\/en\/wp-json\/wp\/v2\/pages\/82560\/revisions"}],"predecessor-version":[{"id":82721,"href":"https:\/\/elicromargentina.com\/en\/wp-json\/wp\/v2\/pages\/82560\/revisions\/82721"}],"wp:attachment":[{"href":"https:\/\/elicromargentina.com\/en\/wp-json\/wp\/v2\/media?parent=82560"}],"curies":[{"name":"wp","href":"https:\/\/api.w.org\/{rel}","templated":true}]}}