
{"id":2494,"date":"2016-03-09T05:41:44","date_gmt":"2016-03-09T05:41:44","guid":{"rendered":"https:\/\/demo2.chethemes.com\/electro\/?page_id=2494"},"modified":"2025-01-23T13:30:32","modified_gmt":"2025-01-23T18:30:32","slug":"empresa","status":"publish","type":"page","link":"https:\/\/elicromargentina.com\/en\/empresa\/","title":{"rendered":"Empresa"},"content":{"rendered":"<div class=\"vc_row wpb_row vc_row-fluid about-features inner-top-md inner-bottom-sm\"><div class=\"wpb_column vc_column_container vc_col-sm-4\"><div class=\"vc_column-inner vc_custom_1457518924264\"><div class=\"wpb_wrapper\">\n\t<div  class=\"wpb_single_image wpb_content_element vc_align_left  wpb_animate_when_almost_visible wpb_fadeInDown fadeInDown\">\n\t\t\n\t\t<figure class=\"wpb_wrapper vc_figure\">\n\t\t\t<div class=\"vc_single_image-wrapper   vc_box_border_grey\"><\/div>\n\t\t<\/figure>\n\t<\/div>\n\n\t<div class=\"wpb_text_column wpb_content_element  vc_custom_1652735760906\" >\n\t\t<div class=\"wpb_wrapper\">\n\t\t\t<h2 class=\"align-top\">Misi\u00f3n<\/h2>\n<p>Ofrecer servicios de calibraci\u00f3n, ensayos especializados y suministrar equipos de laboratorio y procesos, con un alto grado de innovaci\u00f3n, responsabilidad y calidad, orientados a establecer relaciones comerciales a largo plazo con todos nuestros clientes. <\/p>\n\n\t\t<\/div>\n\t<\/div>\n<\/div><\/div><\/div><div class=\"wpb_column vc_column_container vc_col-sm-4\"><div class=\"vc_column-inner vc_custom_1457518934943\"><div class=\"wpb_wrapper\">\n\t<div  class=\"wpb_single_image wpb_content_element vc_align_left  wpb_animate_when_almost_visible wpb_fadeInDown fadeInDown\">\n\t\t\n\t\t<figure class=\"wpb_wrapper vc_figure\">\n\t\t\t<div class=\"vc_single_image-wrapper   vc_box_border_grey\"><\/div>\n\t\t<\/figure>\n\t<\/div>\n\n\t<div class=\"wpb_text_column wpb_content_element  vc_custom_1652735790880\" >\n\t\t<div class=\"wpb_wrapper\">\n\t\t\t<h2 class=\"align-top\">Visi\u00f3n<\/h2>\n<p>Ser parte del selecto grupo de los 10 mayores proveedores de servicios metrol\u00f3gicos en el mundo. Y ser l\u00edderes en todas las actividades que desarrollamos en cada regi\u00f3n.<\/p>\n\n\t\t<\/div>\n\t<\/div>\n<\/div><\/div><\/div><div class=\"wpb_column vc_column_container vc_col-sm-4\"><div class=\"vc_column-inner vc_custom_1457518945335\"><div class=\"wpb_wrapper\">\n\t<div  class=\"wpb_single_image wpb_content_element vc_align_left  wpb_animate_when_almost_visible wpb_fadeInDown fadeInDown\">\n\t\t\n\t\t<figure class=\"wpb_wrapper vc_figure\">\n\t\t\t<div class=\"vc_single_image-wrapper   vc_box_border_grey\"><\/div>\n\t\t<\/figure>\n\t<\/div>\n\n\t<div class=\"wpb_text_column wpb_content_element  vc_custom_1652735828281\" >\n\t\t<div class=\"wpb_wrapper\">\n\t\t\t<h2 class=\"align-top\">Valores<\/h2>\n<p>Amabilidad, Honestidad, Calidad e Innovaci\u00f3n.<\/p>\n\n\t\t<\/div>\n\t<\/div>\n<\/div><\/div><\/div><\/div><div class=\"vc_row wpb_row vc_row-fluid\"><div class=\"wpb_column vc_column_container vc_col-sm-12\"><div class=\"vc_column-inner\"><div class=\"wpb_wrapper\">\n\t<div class=\"wpb_text_column wpb_content_element  wpb_animate_when_almost_visible wpb_fadeIn fadeIn\" >\n\t\t<div class=\"wpb_wrapper\">\n\t\t\t<h3 class=\"highlight\">Historia de la Compa\u00f1\u00eda<\/h3>\n<p style=\"text-align: justify;\">Nuestra historia inicia el Urdaneta \u2013 Provincia de Loja.<\/p>\n<p style=\"text-align: justify;\">A\u00f1o 1982. Nace ELISA MARLENE PINEDA GONZALEZ, comparte con su familia una hermosa infancia y vida que se apaga a sus tiernos 7 a\u00f1os de edad, durante ese tiempo ofreci\u00f3 a su familia la mayor de las ofrendas que alguien puede disponer, su tiempo, su infancia y su vida, en adelante, de su nombre y su recuerdo nacer\u00e1n muchas cosas, ELICROM nace de ELISA.<\/p>\n<p style=\"text-align: justify;\">A\u00f1o 2001. Se funda en Guayaquil la empresa ELICROM, ELI por ELISA y CROM por CROMATOGRAFIA, Empresa familiar que se dedicar\u00e1 a la Qu\u00edmica Anal\u00edtica, Comercio y Asesor\u00eda T\u00e9cnica.<\/p>\n<p style=\"text-align: justify;\">A\u00f1o 2018. Se funda en Lima la empresa ELICROM PERU SAC<\/p>\n\n\t\t<\/div>\n\t<\/div>\n<\/div><\/div><\/div><\/div><div class=\"vc_row wpb_row vc_row-fluid\"><div class=\"wpb_column vc_column_container vc_col-sm-12\"><div class=\"vc_column-inner\"><div class=\"wpb_wrapper\"><\/div><\/div><\/div><\/div><div class=\"vc_row wpb_row vc_row-fluid\"><div class=\"wpb_column vc_column_container vc_col-sm-12\"><div class=\"vc_column-inner\"><div class=\"wpb_wrapper\">\n\t<div class=\"wpb_raw_code wpb_content_element wpb_raw_html\" >\n\t\t<div class=\"wpb_wrapper\">\n\t\t\t<style type=\"text\/css\">.page .entry-header.header-with-cover-image { \/*background-position: center -157px;*\/ }\n.caption {color: #fff;}\np.entry-subtitle {\n    color: #ffffff;\n    background-color: rgba(0,0,0,0.5);\n    padding: 5px;\n}\n.page .entry-header.header-with-cover-image .caption .entry-subtitle {\ncolor:#fff;\n}\n\n<\/style>\n\t\t<\/div>\n\t<\/div>\n<\/div><\/div><\/div><\/div>","protected":false},"excerpt":{"rendered":"Misi\u00f3n Ofrecer servicios de calibraci\u00f3n, ensayos especializados y suministrar equipos de laboratorio y procesos, con un alto grado de innovaci\u00f3n, responsabilidad y calidad, orientados a establecer relaciones comerciales a largo","protected":false},"author":1,"featured_media":75178,"parent":0,"menu_order":0,"comment_status":"closed","ping_status":"closed","template":"","meta":{"_acf_changed":false,"footnotes":""},"class_list":["post-2494","page","type-page","status-publish","has-post-thumbnail","hentry"],"acf":[],"aioseo_notices":[],"_links":{"self":[{"href":"https:\/\/elicromargentina.com\/en\/wp-json\/wp\/v2\/pages\/2494","targetHints":{"allow":["GET"]}}],"collection":[{"href":"https:\/\/elicromargentina.com\/en\/wp-json\/wp\/v2\/pages"}],"about":[{"href":"https:\/\/elicromargentina.com\/en\/wp-json\/wp\/v2\/types\/page"}],"author":[{"embeddable":true,"href":"https:\/\/elicromargentina.com\/en\/wp-json\/wp\/v2\/users\/1"}],"replies":[{"embeddable":true,"href":"https:\/\/elicromargentina.com\/en\/wp-json\/wp\/v2\/comments?post=2494"}],"version-history":[{"count":35,"href":"https:\/\/elicromargentina.com\/en\/wp-json\/wp\/v2\/pages\/2494\/revisions"}],"predecessor-version":[{"id":75180,"href":"https:\/\/elicromargentina.com\/en\/wp-json\/wp\/v2\/pages\/2494\/revisions\/75180"}],"wp:featuredmedia":[{"embeddable":true,"href":"https:\/\/elicromargentina.com\/en\/wp-json\/wp\/v2\/media\/75178"}],"wp:attachment":[{"href":"https:\/\/elicromargentina.com\/en\/wp-json\/wp\/v2\/media?parent=2494"}],"curies":[{"name":"wp","href":"https:\/\/api.w.org\/{rel}","templated":true}]}}